{"id":611,"date":"2022-05-02T09:10:46","date_gmt":"2022-05-02T06:10:46","guid":{"rendered":"http:\/\/kuusamosafaris.fi\/moottorikelkan-vuokraus\/"},"modified":"2025-12-10T10:56:13","modified_gmt":"2025-12-10T08:56:13","slug":"snowmobile-rental","status":"publish","type":"page","link":"https:\/\/kuusamosafaris.fi\/en\/snowmobile-rental\/","title":{"rendered":"Snowmobile rental"},"content":{"rendered":"<h1>Snowmobile Rental<\/h1>\n<div>\n<p>You will find high-quality Lynx snowmobiles at our Ruka rental shop. Our extensive selection of more than 50 snowmobiles has suitable models for everyone from beginners to experienced enthusiasts.<\/p>\n<p>Snowmobile rental starting from \u20ac65\/2 hours.\u00a0<\/p>\n<p>Sporty two-stroke snowmobiles are suitable for solo riders, and four-stroke snowmobiles are suitable for more relaxed driving. Four-stroke snowmobiles are also available as two-seater models. If you wish to rent a snowmobile for a longer period, please contact us either by phone or email.\u00a0<\/p>\n<p>If you wish to get to know snowmobiling or the routes with a guide, book a place on one of our <a href=\"https:\/\/kuusamosafaris.fi\/en\/winter-activities\/\">guided safaris<\/a>.<\/p>\n<\/div>\n<ul>\n<li>\n<\/li>\n<li>\n<\/li>\n<li>\n<\/li>\n<li>\n<\/li>\n<li>\n<\/li>\n<li>\n<\/li>\n<\/ul>\n<div>\n<h3>Moottorikelkan vuokrahintaan sis\u00e4ltyy<\/h3>\n<p>Ajovarusteet (kelkkahaalari, talvikeng\u00e4t, hanskat, alusmyssy ja kyp\u00e4r\u00e4), k\u00e4ytt\u00f6opastus, reittikartta, \u00f6ljy, alv. ja vakuutus.<\/p>\n<p>P\u00e4iv\u00e4vuokra sis\u00e4lt\u00e4\u00e4 200 km ja ylimenev\u00e4t kilometrit 0,5 \u20ac\/km tai sopimuksen mukaan.\u00a0Hintaan ei sis\u00e4lly polttoaineet.<\/p>\n<\/div>\n<div>\n<h3>Vuokrausehdot<\/h3>\n<p>Ellei toisin ole sovittu, niin 8 tunnin vuokra-aika on klo 9\u201317. 4 tuntia tai alle vuokra-aika on joko klo 9\u201313 tai 13\u201317 v\u00e4lill\u00e4.\u00a0<\/p>\n<p>Omavastuu vahinkotapauksessa 1000 \u20ac\/moottorikelkka.<\/p>\n<p>Alaik\u00e4isell\u00e4 on oltava huoltajan kirjallinen suostumus moottorikelkan vuokraukseen.<\/p>\n<p>Moottorikelkan k\u00e4ytt\u00e4j\u00e4n alaik\u00e4raja on 15 vuotta ja kuljettajalla on oltava v\u00e4hint\u00e4\u00e4n T-luokan ajokortti<\/p>\n<\/div>\n<p><!--more--><br \/>\n<!-- {\"type\":\"layout\",\"children\":[{\"type\":\"section\",\"props\":{\"header_transparent\":true,\"header_transparent_text_color\":\"dark\",\"image\":\"wp-content\\\/uploads\\\/2022\\\/06\\\/vuokra-moottorikelkat.jpg\",\"image_position\":\"center-center\",\"image_size\":\"cover\",\"image_width\":\"2560\",\"media_overlay\":\"rgba(0, 0, 0, 0.15)\",\"padding\":\"xlarge\",\"style\":\"muted\",\"text_color\":\"light\",\"title_breakpoint\":\"xl\",\"title_position\":\"top-left\",\"title_rotation\":\"left\",\"vertical_align\":\"\",\"width\":\"xlarge\"},\"children\":[{\"type\":\"row\",\"children\":[{\"type\":\"column\",\"props\":{\"image_position\":\"center-center\",\"position_sticky_breakpoint\":\"m\",\"width_medium\":\"1-1\"},\"children\":[{\"type\":\"headline\",\"props\":{\"content\":\"Snowmobile Rental\",\"title_element\":\"h1\",\"title_style\":\"heading-medium\"}}]}]}],\"name\":\"Hero\"},{\"type\":\"section\",\"props\":{\"image_position\":\"center-center\",\"style\":\"default\",\"title_breakpoint\":\"xl\",\"title_position\":\"top-left\",\"title_rotation\":\"left\",\"vertical_align\":\"\",\"width\":\"default\"},\"children\":[{\"type\":\"row\",\"children\":[{\"type\":\"column\",\"props\":{\"image_position\":\"center-center\",\"position_sticky_breakpoint\":\"m\"},\"children\":[{\"type\":\"text\",\"props\":{\"column\":\"1-2\",\"column_breakpoint\":\"m\",\"content\":\"\n\n<p>You will find high-quality Lynx snowmobiles at our Ruka rental shop. Our extensive selection of more than 50 snowmobiles has suitable models for everyone from beginners to experienced enthusiasts.<\\\/p>\\n\n\n<p>Snowmobile rental starting from \\u20ac65\\\/2 hours.\\u00a0<\\\/p>\\n\n\n<p>Sporty two-stroke snowmobiles are suitable for solo riders, and four-stroke snowmobiles are suitable for more relaxed driving. Four-stroke snowmobiles are also available as two-seater models. If you wish to rent a snowmobile for a longer period, please contact us either by phone or email.\\u00a0<\\\/p>\\n\n\n<p>If you wish to get to know snowmobiling or the routes with a guide, book a place on one of our <a href=\\\"https:\\\/\\\/kuusamosafaris.fi\\\/en\\\/winter-activities\\\/\\\">guided safaris<\\\/a>.<\\\/p>\",\"margin\":\"default\"}}]}]}]},{\"type\":\"section\",\"props\":{\"image_position\":\"center-center\",\"style\":\"default\",\"title_breakpoint\":\"xl\",\"title_position\":\"top-left\",\"title_rotation\":\"left\",\"vertical_align\":\"\",\"width\":\"default\"},\"children\":[{\"type\":\"row\",\"children\":[{\"type\":\"column\",\"props\":{\"image_position\":\"center-center\",\"position_sticky_breakpoint\":\"m\"},\"children\":[{\"type\":\"grid\",\"props\":{\"content_column_breakpoint\":\"m\",\"filter\":true,\"filter_align\":\"center\",\"filter_all\":true,\"filter_all_label\":\"All\",\"filter_grid_breakpoint\":\"m\",\"filter_grid_width\":\"auto\",\"filter_position\":\"top\",\"filter_style\":\"subnav-pill\",\"grid_default\":\"1\",\"grid_medium\":\"3\",\"grid_small\":\"2\",\"icon_width\":80,\"image_align\":\"top\",\"image_grid_breakpoint\":\"m\",\"image_grid_width\":\"1-2\",\"image_height\":\"533\",\"image_svg_color\":\"emphasis\",\"image_transition\":\"scale-up\",\"image_width\":\"800\",\"item_animation\":true,\"lightbox_bg_close\":true,\"link_fullwidth\":false,\"link_margin\":\"small\",\"link_style\":\"default\",\"link_text\":\"\",\"margin\":\"default\",\"meta_align\":\"below-title\",\"meta_element\":\"div\",\"meta_margin\":\"remove\",\"meta_style\":\"\",\"panel_image_no_padding\":true,\"panel_link\":true,\"panel_link_hover\":\"true\",\"panel_padding\":\"small\",\"panel_style\":\"card-default\",\"parallax_easing\":\"1\",\"show_content\":true,\"show_hover_image\":true,\"show_hover_video\":true,\"show_image\":true,\"show_link\":true,\"show_meta\":true,\"show_title\":true,\"show_video\":true,\"text_align\":\"center\",\"title_align\":\"top\",\"title_element\":\"h3\",\"title_grid_breakpoint\":\"m\",\"title_grid_width\":\"1-2\",\"title_hover_style\":\"reset\",\"title_margin\":\"small\"},\"children\":[{\"type\":\"grid_item\",\"source\":{\"query\":{\"name\":\"posts.customPost\",\"arguments\":{\"terms\":[],\"category_operator\":\"IN\",\"post_tag_operator\":\"IN\",\"users\":[],\"users_operator\":\"IN\",\"offset\":0,\"order\":\"date\",\"order_direction\":\"DESC\",\"id\":13}},\"props\":{\"title\":{\"name\":\"title\"},\"meta\":{\"arguments\":{\"separator\":\", \",\"show_link\":true,\"link_style\":\"\"},\"name\":\"post_tagString\"},\"content\":{\"arguments\":{\"show_intro_text\":true},\"name\":\"content\"},\"image\":{\"name\":\"featuredImage.url\"},\"image_alt\":{\"name\":\"featuredImage.alt\"},\"link\":{\"name\":\"link\"},\"link_aria_label\":{\"name\":\"title\"}}}},{\"type\":\"grid_item\",\"source\":{\"query\":{\"name\":\"posts.customPost\",\"arguments\":{\"terms\":[],\"category_operator\":\"IN\",\"post_tag_operator\":\"IN\",\"users\":[],\"users_operator\":\"IN\",\"offset\":0,\"order\":\"date\",\"order_direction\":\"DESC\",\"id\":9}},\"props\":{\"title\":{\"name\":\"title\"},\"meta\":{\"arguments\":{\"separator\":\", \",\"show_link\":true,\"link_style\":\"\"},\"name\":\"post_tagString\"},\"content\":{\"arguments\":{\"show_intro_text\":true},\"name\":\"content\"},\"image\":{\"name\":\"featuredImage.url\"},\"image_alt\":{\"name\":\"featuredImage.alt\"},\"link\":{\"name\":\"link\"},\"link_aria_label\":{\"name\":\"title\"}}}},{\"type\":\"grid_item\",\"source\":{\"query\":{\"name\":\"posts.customPost\",\"arguments\":{\"terms\":[],\"category_operator\":\"IN\",\"post_tag_operator\":\"IN\",\"users\":[],\"users_operator\":\"IN\",\"offset\":0,\"order\":\"date\",\"order_direction\":\"DESC\",\"id\":2496}},\"props\":{\"title\":{\"name\":\"title\"},\"meta\":{\"arguments\":{\"separator\":\", \",\"show_link\":true,\"link_style\":\"\"},\"name\":\"post_tagString\"},\"content\":{\"arguments\":{\"show_intro_text\":true},\"name\":\"content\"},\"image\":{\"name\":\"featuredImage.url\"},\"image_alt\":{\"name\":\"featuredImage.alt\"},\"link\":{\"name\":\"link\"},\"link_aria_label\":{\"name\":\"title\"}}}},{\"type\":\"grid_item\",\"source\":{\"query\":{\"name\":\"posts.customPost\",\"arguments\":{\"terms\":[],\"category_operator\":\"IN\",\"post_tag_operator\":\"IN\",\"users\":[],\"users_operator\":\"IN\",\"offset\":0,\"order\":\"date\",\"order_direction\":\"DESC\",\"id\":110}},\"props\":{\"title\":{\"name\":\"title\"},\"meta\":{\"arguments\":{\"separator\":\", \",\"show_link\":true,\"link_style\":\"\"},\"name\":\"post_tagString\"},\"content\":{\"arguments\":{\"show_intro_text\":true},\"name\":\"content\"},\"image\":{\"name\":\"featuredImage.url\"},\"image_alt\":{\"name\":\"featuredImage.alt\"},\"link\":{\"name\":\"link\"},\"link_aria_label\":{\"name\":\"title\"}}}},{\"type\":\"grid_item\",\"source\":{\"query\":{\"name\":\"posts.customPost\",\"arguments\":{\"terms\":[],\"category_operator\":\"IN\",\"post_tag_operator\":\"IN\",\"users\":[],\"users_operator\":\"IN\",\"offset\":0,\"order\":\"date\",\"order_direction\":\"DESC\",\"id\":125}},\"props\":{\"title\":{\"name\":\"title\"},\"meta\":{\"arguments\":{\"separator\":\", \",\"show_link\":true,\"link_style\":\"\"},\"name\":\"post_tagString\"},\"content\":{\"arguments\":{\"show_intro_text\":true},\"name\":\"content\"},\"image\":{\"name\":\"featuredImage.url\"},\"image_alt\":{\"name\":\"featuredImage.alt\"},\"link\":{\"name\":\"link\"},\"link_aria_label\":{\"name\":\"title\"}}}},{\"type\":\"grid_item\",\"source\":{\"query\":{\"name\":\"posts.customPost\",\"arguments\":{\"terms\":[],\"category_operator\":\"IN\",\"post_tag_operator\":\"IN\",\"users\":[],\"users_operator\":\"IN\",\"offset\":0,\"order\":\"date\",\"order_direction\":\"DESC\",\"id\":2412}},\"props\":{\"title\":{\"name\":\"title\"},\"meta\":{\"arguments\":{\"separator\":\", \",\"show_link\":true,\"link_style\":\"\"},\"name\":\"post_tagString\"},\"content\":{\"arguments\":{\"show_intro_text\":true},\"name\":\"content\"},\"image\":{\"name\":\"featuredImage.url\"},\"image_alt\":{\"name\":\"featuredImage.alt\"},\"link\":{\"name\":\"link\"},\"link_aria_label\":{\"name\":\"title\"}}}}]}]}]}]},{\"type\":\"section\",\"props\":{\"image_position\":\"center-center\",\"style\":\"secondary\",\"title_breakpoint\":\"xl\",\"title_position\":\"top-left\",\"title_rotation\":\"left\",\"vertical_align\":\"\",\"width\":\"default\"},\"children\":[{\"type\":\"row\",\"props\":{\"divider\":true,\"layout\":\"1-2,1-2\",\"margin\":\"large\"},\"children\":[{\"type\":\"column\",\"props\":{\"image_position\":\"center-center\",\"position_sticky_breakpoint\":\"m\",\"width_medium\":\"1-2\"},\"children\":[{\"type\":\"text\",\"props\":{\"column_breakpoint\":\"m\",\"content\":\"\n\n<h3>Moottorikelkan vuokrahintaan sis\\u00e4ltyy<\\\/h3>\\n\n\n<p>Ajovarusteet (kelkkahaalari, talvikeng\\u00e4t, hanskat, alusmyssy ja kyp\\u00e4r\\u00e4), k\\u00e4ytt\\u00f6opastus, reittikartta, \\u00f6ljy, alv. ja vakuutus.<\\\/p>\\n\n\n<p>P\\u00e4iv\\u00e4vuokra sis\\u00e4lt\\u00e4\\u00e4 200 km ja ylimenev\\u00e4t kilometrit 0,5 \\u20ac\\\/km tai sopimuksen mukaan.\\u00a0Hintaan ei sis\\u00e4lly polttoaineet.<\\\/p>\",\"margin\":\"default\"}}]},{\"type\":\"column\",\"props\":{\"image_position\":\"center-center\",\"position_sticky_breakpoint\":\"m\",\"width_medium\":\"1-2\"},\"children\":[{\"type\":\"text\",\"props\":{\"column_breakpoint\":\"m\",\"content\":\"\n\n<h3>Vuokrausehdot<\\\/h3>\\n\n\n<p>Ellei toisin ole sovittu, niin 8 tunnin vuokra-aika on klo 9\\u201317. 4 tuntia tai alle vuokra-aika on joko klo 9\\u201313 tai 13\\u201317 v\\u00e4lill\\u00e4.\\u00a0<\\\/p>\\n\n\n<p>Omavastuu vahinkotapauksessa 1000 \\u20ac\\\/moottorikelkka.<\\\/p>\\n\n\n<p>Alaik\\u00e4isell\\u00e4 on oltava huoltajan kirjallinen suostumus moottorikelkan vuokraukseen.<\\\/p>\\n\n\n<p>Moottorikelkan k\\u00e4ytt\\u00e4j\\u00e4n alaik\\u00e4raja on 15 vuotta ja kuljettajalla on oltava v\\u00e4hint\\u00e4\\u00e4n T-luokan ajokortti<\\\/p>\",\"margin\":\"default\"}}]}]}]}],\"version\":\"4.5.32\"} --><\/p>\n","protected":false},"excerpt":{"rendered":"<p>Snowmobile Rental You will find high-quality Lynx snowmobiles at our Ruka rental shop. Our extensive selection of more than 50 snowmobiles has suitable models for everyone from beginners to experienced enthusiasts. Snowmobile rental starting from \u20ac65\/2 hours.\u00a0 Sporty two-stroke snowmobiles are suitable for solo riders, and four-stroke snowmobiles are suitable for more relaxed driving. Four-stroke [&hellip;]<\/p>\n","protected":false},"author":1,"featured_media":568,"parent":0,"menu_order":0,"comment_status":"closed","ping_status":"closed","template":"","meta":{"footnotes":""},"class_list":["post-611","page","type-page","status-publish","has-post-thumbnail","hentry"],"yoast_head":"<!-- This site is optimized with the Yoast SEO plugin v27.3 - https:\/\/yoast.com\/product\/yoast-seo-wordpress\/ -->\n<title>Snowmobile rental - Kuusamo Safaris, Finland<\/title>\n<meta name=\"description\" content=\"You will find high-quality Lynx snowmobiles at our Ruka rental shop. Selection of more than 50 snowmobiles has models from beginners to experienced enthusiasts.\" \/>\n<meta name=\"robots\" content=\"index, follow, max-snippet:-1, max-image-preview:large, max-video-preview:-1\" \/>\n<link rel=\"canonical\" href=\"https:\/\/kuusamosafaris.fi\/moottorikelkan-vuokraus\/\" \/>\n<meta property=\"og:locale\" content=\"en_US\" \/>\n<meta property=\"og:type\" content=\"article\" \/>\n<meta property=\"og:title\" content=\"Snowmobile rental - Kuusamo Safaris, Finland\" \/>\n<meta property=\"og:description\" content=\"You will find high-quality Lynx snowmobiles at our Ruka rental shop. Selection of more than 50 snowmobiles has models from beginners to experienced enthusiasts.\" \/>\n<meta property=\"og:url\" content=\"https:\/\/kuusamosafaris.fi\/moottorikelkan-vuokraus\/\" \/>\n<meta property=\"og:site_name\" content=\"Kuusamo Safaris, Finland\" \/>\n<meta property=\"article:modified_time\" content=\"2025-12-10T08:56:13+00:00\" \/>\n<meta property=\"og:image\" content=\"https:\/\/kuusamosafaris.fi\/wp-content\/uploads\/2022\/05\/moottorikelkat-vaaran-paalla.jpeg\" \/>\n\t<meta property=\"og:image:width\" content=\"960\" \/>\n\t<meta property=\"og:image:height\" content=\"640\" \/>\n\t<meta property=\"og:image:type\" content=\"image\/jpeg\" \/>\n<meta name=\"twitter:card\" content=\"summary_large_image\" \/>\n<meta name=\"twitter:label1\" content=\"Est. reading time\" \/>\n\t<meta name=\"twitter:data1\" content=\"3 minutes\" \/>\n<script type=\"application\/ld+json\" class=\"yoast-schema-graph\">{\"@context\":\"https:\\\/\\\/schema.org\",\"@graph\":[{\"@type\":\"WebPage\",\"@id\":\"https:\\\/\\\/kuusamosafaris.fi\\\/moottorikelkan-vuokraus\\\/\",\"url\":\"https:\\\/\\\/kuusamosafaris.fi\\\/moottorikelkan-vuokraus\\\/\",\"name\":\"Snowmobile rental - Kuusamo Safaris, Finland\",\"isPartOf\":{\"@id\":\"https:\\\/\\\/kuusamosafaris.fi\\\/#website\"},\"primaryImageOfPage\":{\"@id\":\"https:\\\/\\\/kuusamosafaris.fi\\\/moottorikelkan-vuokraus\\\/#primaryimage\"},\"image\":{\"@id\":\"https:\\\/\\\/kuusamosafaris.fi\\\/moottorikelkan-vuokraus\\\/#primaryimage\"},\"thumbnailUrl\":\"https:\\\/\\\/kuusamosafaris.fi\\\/wp-content\\\/uploads\\\/2022\\\/05\\\/moottorikelkat-vaaran-paalla.jpeg\",\"datePublished\":\"2022-05-02T06:10:46+00:00\",\"dateModified\":\"2025-12-10T08:56:13+00:00\",\"description\":\"You will find high-quality Lynx snowmobiles at our Ruka rental shop. Selection of more than 50 snowmobiles has models from beginners to experienced enthusiasts.\",\"breadcrumb\":{\"@id\":\"https:\\\/\\\/kuusamosafaris.fi\\\/moottorikelkan-vuokraus\\\/#breadcrumb\"},\"inLanguage\":\"en-US\",\"potentialAction\":[{\"@type\":\"ReadAction\",\"target\":[\"https:\\\/\\\/kuusamosafaris.fi\\\/moottorikelkan-vuokraus\\\/\"]}]},{\"@type\":\"ImageObject\",\"inLanguage\":\"en-US\",\"@id\":\"https:\\\/\\\/kuusamosafaris.fi\\\/moottorikelkan-vuokraus\\\/#primaryimage\",\"url\":\"https:\\\/\\\/kuusamosafaris.fi\\\/wp-content\\\/uploads\\\/2022\\\/05\\\/moottorikelkat-vaaran-paalla.jpeg\",\"contentUrl\":\"https:\\\/\\\/kuusamosafaris.fi\\\/wp-content\\\/uploads\\\/2022\\\/05\\\/moottorikelkat-vaaran-paalla.jpeg\",\"width\":960,\"height\":640,\"caption\":\"moottorikelkan-vuokraus-kuusamo\"},{\"@type\":\"BreadcrumbList\",\"@id\":\"https:\\\/\\\/kuusamosafaris.fi\\\/moottorikelkan-vuokraus\\\/#breadcrumb\",\"itemListElement\":[{\"@type\":\"ListItem\",\"position\":1,\"name\":\"Etusivu\",\"item\":\"https:\\\/\\\/kuusamosafaris.fi\\\/\"},{\"@type\":\"ListItem\",\"position\":2,\"name\":\"Snowmobile rental\"}]},{\"@type\":\"WebSite\",\"@id\":\"https:\\\/\\\/kuusamosafaris.fi\\\/#website\",\"url\":\"https:\\\/\\\/kuusamosafaris.fi\\\/\",\"name\":\"Kuusamo Safaris, Finland\",\"description\":\"Program services and equipment rental in Ruka\",\"potentialAction\":[{\"@type\":\"SearchAction\",\"target\":{\"@type\":\"EntryPoint\",\"urlTemplate\":\"https:\\\/\\\/kuusamosafaris.fi\\\/?s={search_term_string}\"},\"query-input\":{\"@type\":\"PropertyValueSpecification\",\"valueRequired\":true,\"valueName\":\"search_term_string\"}}],\"inLanguage\":\"en-US\"}]}<\/script>\n<!-- \/ Yoast SEO plugin. -->","yoast_head_json":{"title":"Snowmobile rental - Kuusamo Safaris, Finland","description":"You will find high-quality Lynx snowmobiles at our Ruka rental shop. Selection of more than 50 snowmobiles has models from beginners to experienced enthusiasts.","robots":{"index":"index","follow":"follow","max-snippet":"max-snippet:-1","max-image-preview":"max-image-preview:large","max-video-preview":"max-video-preview:-1"},"canonical":"https:\/\/kuusamosafaris.fi\/moottorikelkan-vuokraus\/","og_locale":"en_US","og_type":"article","og_title":"Snowmobile rental - Kuusamo Safaris, Finland","og_description":"You will find high-quality Lynx snowmobiles at our Ruka rental shop. Selection of more than 50 snowmobiles has models from beginners to experienced enthusiasts.","og_url":"https:\/\/kuusamosafaris.fi\/moottorikelkan-vuokraus\/","og_site_name":"Kuusamo Safaris, Finland","article_modified_time":"2025-12-10T08:56:13+00:00","og_image":[{"width":960,"height":640,"url":"https:\/\/kuusamosafaris.fi\/wp-content\/uploads\/2022\/05\/moottorikelkat-vaaran-paalla.jpeg","type":"image\/jpeg"}],"twitter_card":"summary_large_image","twitter_misc":{"Est. reading time":"3 minutes"},"schema":{"@context":"https:\/\/schema.org","@graph":[{"@type":"WebPage","@id":"https:\/\/kuusamosafaris.fi\/moottorikelkan-vuokraus\/","url":"https:\/\/kuusamosafaris.fi\/moottorikelkan-vuokraus\/","name":"Snowmobile rental - Kuusamo Safaris, Finland","isPartOf":{"@id":"https:\/\/kuusamosafaris.fi\/#website"},"primaryImageOfPage":{"@id":"https:\/\/kuusamosafaris.fi\/moottorikelkan-vuokraus\/#primaryimage"},"image":{"@id":"https:\/\/kuusamosafaris.fi\/moottorikelkan-vuokraus\/#primaryimage"},"thumbnailUrl":"https:\/\/kuusamosafaris.fi\/wp-content\/uploads\/2022\/05\/moottorikelkat-vaaran-paalla.jpeg","datePublished":"2022-05-02T06:10:46+00:00","dateModified":"2025-12-10T08:56:13+00:00","description":"You will find high-quality Lynx snowmobiles at our Ruka rental shop. Selection of more than 50 snowmobiles has models from beginners to experienced enthusiasts.","breadcrumb":{"@id":"https:\/\/kuusamosafaris.fi\/moottorikelkan-vuokraus\/#breadcrumb"},"inLanguage":"en-US","potentialAction":[{"@type":"ReadAction","target":["https:\/\/kuusamosafaris.fi\/moottorikelkan-vuokraus\/"]}]},{"@type":"ImageObject","inLanguage":"en-US","@id":"https:\/\/kuusamosafaris.fi\/moottorikelkan-vuokraus\/#primaryimage","url":"https:\/\/kuusamosafaris.fi\/wp-content\/uploads\/2022\/05\/moottorikelkat-vaaran-paalla.jpeg","contentUrl":"https:\/\/kuusamosafaris.fi\/wp-content\/uploads\/2022\/05\/moottorikelkat-vaaran-paalla.jpeg","width":960,"height":640,"caption":"moottorikelkan-vuokraus-kuusamo"},{"@type":"BreadcrumbList","@id":"https:\/\/kuusamosafaris.fi\/moottorikelkan-vuokraus\/#breadcrumb","itemListElement":[{"@type":"ListItem","position":1,"name":"Etusivu","item":"https:\/\/kuusamosafaris.fi\/"},{"@type":"ListItem","position":2,"name":"Snowmobile rental"}]},{"@type":"WebSite","@id":"https:\/\/kuusamosafaris.fi\/#website","url":"https:\/\/kuusamosafaris.fi\/","name":"Kuusamo Safaris, Finland","description":"Program services and equipment rental in Ruka","potentialAction":[{"@type":"SearchAction","target":{"@type":"EntryPoint","urlTemplate":"https:\/\/kuusamosafaris.fi\/?s={search_term_string}"},"query-input":{"@type":"PropertyValueSpecification","valueRequired":true,"valueName":"search_term_string"}}],"inLanguage":"en-US"}]}},"_links":{"self":[{"href":"https:\/\/kuusamosafaris.fi\/en\/wp-json\/wp\/v2\/pages\/611","targetHints":{"allow":["GET"]}}],"collection":[{"href":"https:\/\/kuusamosafaris.fi\/en\/wp-json\/wp\/v2\/pages"}],"about":[{"href":"https:\/\/kuusamosafaris.fi\/en\/wp-json\/wp\/v2\/types\/page"}],"author":[{"embeddable":true,"href":"https:\/\/kuusamosafaris.fi\/en\/wp-json\/wp\/v2\/users\/1"}],"replies":[{"embeddable":true,"href":"https:\/\/kuusamosafaris.fi\/en\/wp-json\/wp\/v2\/comments?post=611"}],"version-history":[{"count":3,"href":"https:\/\/kuusamosafaris.fi\/en\/wp-json\/wp\/v2\/pages\/611\/revisions"}],"predecessor-version":[{"id":2513,"href":"https:\/\/kuusamosafaris.fi\/en\/wp-json\/wp\/v2\/pages\/611\/revisions\/2513"}],"wp:featuredmedia":[{"embeddable":true,"href":"https:\/\/kuusamosafaris.fi\/en\/wp-json\/wp\/v2\/media\/568"}],"wp:attachment":[{"href":"https:\/\/kuusamosafaris.fi\/en\/wp-json\/wp\/v2\/media?parent=611"}],"curies":[{"name":"wp","href":"https:\/\/api.w.org\/{rel}","templated":true}]}}